{"id":2923,"date":"2023-08-12T11:50:00","date_gmt":"2023-08-12T08:50:00","guid":{"rendered":"https:\/\/slowowiary.org\/?page_id=2923"},"modified":"2023-08-29T11:37:35","modified_gmt":"2023-08-29T08:37:35","slug":"education","status":"publish","type":"page","link":"https:\/\/slowowiary.org\/pl\/education\/","title":{"rendered":"\u041e\u0441\u0432\u0456\u0442\u0430"},"content":{"rendered":"<section class=\"kc-elm kc-css-585174 kc_row\"><div class=\"kc-row-container  kc-container\"><div class=\"kc-wrap-columns\"><div class=\"kc-elm kc-css-611185 kc_col-sm-6 kc_column kc_col-sm-6\"><div class=\"kc-col-container\"><div class=\"kc-elm kc-css-682730 kc_shortcode kc_single_image\">\n\n        <img decoding=\"async\" src=\"https:\/\/slowowiary.org\/wp-content\/uploads\/2023\/08\/photo_2023-07-19-14.58.18.jpeg\" class=\"\" alt=\"\" \/>    <\/div>\n<\/div><\/div><div class=\"kc-elm kc-css-115149 kc_col-sm-6 kc_column kc_col-sm-6\"><div class=\"kc-col-container\"><div class=\"kc-elm kc-css-796153 kc_text_block\"><h2>Przygotowanie do chrztu wodnego<\/h2>\n<p>Jezus Chrystus, pod koniec swojej ziemskiej pos\u0142ugi, pozostawi\u0142 swoim uczniom wielkie i fundamentalne zadanie do wype\u0142nienia na tej ziemi:<\/p>\n<p><em>&#8222;A Jezus przyszed\u0142szy, przem\u00f3wi\u0142 do nich i rzek\u0142:<br \/>\nDana Mi jest wszelka w\u0142adza w niebie i na ziemi. Id\u017acie tedy i czy\u0144cie uczniami wszystkie narody, i chrzcijcie je w imi\u0119 Ojca i Syna, i Ducha \u015awi\u0119tego, ucz\u0105c je zachowywa\u0107 wszystko, cokolwiek wam przykaza\u0142em\"<br \/>\n<\/em> Mat. 28:19-20.<\/p>\n<p>Aby um\u00f3wi\u0107 si\u0119 na przygotowanie do chrztu wodnego, zadzwo\u0144 pod numer +48 730 920 086.<\/p>\n<\/div><\/div><\/div><\/div><\/div><\/section><section class=\"kc-elm kc-css-537502 kc_row\"><div class=\"kc-row-container  kc-container\"><div class=\"kc-wrap-columns\"><div class=\"kc-elm kc-css-853074 kc_col-sm-12 kc_column kc_col-sm-12\"><div class=\"kc-col-container\"><div class=\"kc-elm kc-css-303650\" style=\"height: 60px; clear: both; width:100%;\"><\/div><\/div><\/div><\/div><\/div><\/section><section class=\"kc-elm kc-css-976293 kc_row\"><div class=\"kc-row-container  kc-container\"><div class=\"kc-wrap-columns\"><div class=\"kc-elm kc-css-96605 kc_col-sm-6 kc_column kc_col-sm-6\"><div class=\"kc-col-container\"><div class=\"kc-elm kc-css-409556 kc_text_block\"><h2>Szko\u0142a Maranatha<\/h2>\n<p>Szko\u0142a Maranatha bada Pismo \u015awi\u0119te, podstawy wiary chrze\u015bcija\u0144skiej i ich praktyczne zastosowanie.<\/p>\n<p>Zapisy do szko\u0142y prowadzone s\u0105 pod numerem telefonu +48 606 640 135<\/p>\n<\/div><\/div><\/div><div class=\"kc-elm kc-css-710185 kc_col-sm-6 kc_column kc_col-sm-6\"><div class=\"kc-col-container\"><div class=\"kc-elm kc-css-451762 kc_shortcode kc_single_image\">\n\n        <img decoding=\"async\" src=\"https:\/\/slowowiary.org\/wp-content\/uploads\/2023\/08\/Maranatha.jpg\" class=\"\" alt=\"\" \/>    <\/div>\n<\/div><\/div><\/div><\/div><\/section><section class=\"kc-elm kc-css-502916 kc_row\"><div class=\"kc-row-container  kc-container\"><div class=\"kc-wrap-columns\"><div class=\"kc-elm kc-css-270639 kc_col-sm-12 kc_column kc_col-sm-12\"><div class=\"kc-col-container\"><div class=\"kc-elm kc-css-56100\" style=\"height: 60px; clear: both; width:100%;\"><\/div><\/div><\/div><\/div><\/div><\/section><section class=\"kc-elm kc-css-604217 kc_row\"><div class=\"kc-row-container  kc-container\"><div class=\"kc-wrap-columns\"><div class=\"kc-elm kc-css-948071 kc_col-sm-6 kc_column kc_col-sm-6\"><div class=\"kc-col-container\"><div class=\"kc-elm kc-css-31760 kc_shortcode kc_single_image\">\n\n        <img decoding=\"async\" src=\"https:\/\/slowowiary.org\/wp-content\/uploads\/2023\/08\/photo-output-2.jpg\" class=\"\" alt=\"\" \/>    <\/div>\n<\/div><\/div><div class=\"kc-elm kc-css-103896 kc_col-sm-6 kc_column kc_col-sm-6\"><div class=\"kc-col-container\"><div class=\"kc-elm kc-css-40800 kc_text_block\"><h2>Europejska Akademia Chrze\u015bcija\u0144ska<\/h2>\n<p><strong>Europejska Akademia Chrze\u015bcija\u0144ska<\/strong> jest jednostk\u0105 edukacyjn\u0105 maj\u0105c\u0105 na celu zapewnienie Ko\u015bcio\u0142om Chrze\u015bcijan Wiary Ewangelicznej duchownych z wy\u017cszym wykszta\u0142ceniem duchowym zgodnym z doktryn\u0105, kszta\u0142cenie wysoko wykwalifikowanych pracownik\u00f3w organizacji religijnych, nauczycieli i teolog\u00f3w naukowych na potrzeby Zwi\u0105zk\u00f3w Ko\u015bcio\u0142\u00f3w.<\/p>\n<p>Akademia realizuje programy wsp\u00f3lnie z partnerskim ameryka\u0144skim uniwersytetem Vanguard University.<\/p>\n<p><strong>Kierunki studi\u00f3w 2023-2024<\/strong><br \/>\nMisjonarz<br \/>\nKap\u0142an<\/p>\n<p>Wi\u0119cej informacji na stronie <strong>Europejskiej Akademii Chrze\u015bcija\u0144skiej<\/strong>.<\/p>\n<\/div><\/div><\/div><\/div><\/div><\/section>\n","protected":false},"excerpt":{"rendered":"","protected":false},"author":2,"featured_media":0,"parent":0,"menu_order":0,"comment_status":"closed","ping_status":"closed","template":"","meta":{"footnotes":""},"class_list":["post-2923","page","type-page","status-publish","hentry"],"yoast_head":"<!-- This site is optimized with the Yoast SEO plugin v21.1 - https:\/\/yoast.com\/wordpress\/plugins\/seo\/ -->\n<title>\u041e\u0441\u0432\u0456\u0442\u0430 - S\u0141OWO WIARY<\/title>\n<meta name=\"robots\" content=\"index, follow, max-snippet:-1, max-image-preview:large, max-video-preview:-1\" \/>\n<link rel=\"canonical\" href=\"https:\/\/slowowiary.org\/pl\/education\/\" \/>\n<meta property=\"og:locale\" content=\"pl_PL\" \/>\n<meta property=\"og:type\" content=\"article\" \/>\n<meta property=\"og:title\" content=\"\u041e\u0441\u0432\u0456\u0442\u0430 - S\u0141OWO WIARY\" \/>\n<meta property=\"og:description\" content=\"Przygotowanie do chrztu wodnego Jezus Chrystus, pod koniec swojej ziemskiej pos\u0142ugi, pozostawi\u0142 swoim uczniom wielkie i fundamentalne zadanie do wype\u0142nienia na tej ziemi: &#8222;A Jezus przyszed\u0142szy, przem\u00f3wi\u0142 do nich i rzek\u0142: Dana Mi jest wszelka w\u0142adza w niebie i na ziemi. Id\u017acie tedy i czy\u0144cie uczniami wszystkie narody, i chrzcijcie je w imi\u0119 Ojca i [&hellip;]\" \/>\n<meta property=\"og:url\" content=\"https:\/\/slowowiary.org\/pl\/education\/\" \/>\n<meta property=\"og:site_name\" content=\"S\u0141OWO WIARY\" \/>\n<meta property=\"article:modified_time\" content=\"2023-08-29T08:37:35+00:00\" \/>\n<meta property=\"og:image\" content=\"https:\/\/slowowiary.org\/wp-content\/uploads\/2023\/08\/photo_2023-07-19-14.58.18.jpeg\" \/>\n<meta name=\"twitter:card\" content=\"summary_large_image\" \/>\n<meta name=\"twitter:label1\" content=\"Szacowany czas czytania\" \/>\n\t<meta name=\"twitter:data1\" content=\"2 minuty\" \/>\n<script type=\"application\/ld+json\" class=\"yoast-schema-graph\">{\"@context\":\"https:\/\/schema.org\",\"@graph\":[{\"@type\":\"WebPage\",\"@id\":\"https:\/\/slowowiary.org\/pl\/education\/\",\"url\":\"https:\/\/slowowiary.org\/pl\/education\/\",\"name\":\"\u041e\u0441\u0432\u0456\u0442\u0430 - S\u0141OWO WIARY\",\"isPartOf\":{\"@id\":\"https:\/\/slowowiary.org\/#website\"},\"datePublished\":\"2023-08-12T08:50:00+00:00\",\"dateModified\":\"2023-08-29T08:37:35+00:00\",\"breadcrumb\":{\"@id\":\"https:\/\/slowowiary.org\/pl\/education\/#breadcrumb\"},\"inLanguage\":\"pl-PL\",\"potentialAction\":[{\"@type\":\"ReadAction\",\"target\":[\"https:\/\/slowowiary.org\/pl\/education\/\"]}]},{\"@type\":\"BreadcrumbList\",\"@id\":\"https:\/\/slowowiary.org\/pl\/education\/#breadcrumb\",\"itemListElement\":[{\"@type\":\"ListItem\",\"position\":1,\"name\":\"\u0413\u043e\u043b\u043e\u0432\u043d\u0430\",\"item\":\"https:\/\/slowowiary.org\/pl\/\"},{\"@type\":\"ListItem\",\"position\":2,\"name\":\"\u041e\u0441\u0432\u0456\u0442\u0430\"}]},{\"@type\":\"WebSite\",\"@id\":\"https:\/\/slowowiary.org\/#website\",\"url\":\"https:\/\/slowowiary.org\/\",\"name\":\"S\u0141OWO WIARY\",\"description\":\"\",\"potentialAction\":[{\"@type\":\"SearchAction\",\"target\":{\"@type\":\"EntryPoint\",\"urlTemplate\":\"https:\/\/slowowiary.org\/?s={search_term_string}\"},\"query-input\":\"required name=search_term_string\"}],\"inLanguage\":\"pl-PL\"}]}<\/script>\n<!-- \/ Yoast SEO plugin. -->","yoast_head_json":{"title":"\u041e\u0441\u0432\u0456\u0442\u0430 - S\u0141OWO WIARY","robots":{"index":"index","follow":"follow","max-snippet":"max-snippet:-1","max-image-preview":"max-image-preview:large","max-video-preview":"max-video-preview:-1"},"canonical":"https:\/\/slowowiary.org\/pl\/education\/","og_locale":"pl_PL","og_type":"article","og_title":"\u041e\u0441\u0432\u0456\u0442\u0430 - S\u0141OWO WIARY","og_description":"Przygotowanie do chrztu wodnego Jezus Chrystus, pod koniec swojej ziemskiej pos\u0142ugi, pozostawi\u0142 swoim uczniom wielkie i fundamentalne zadanie do wype\u0142nienia na tej ziemi: &#8222;A Jezus przyszed\u0142szy, przem\u00f3wi\u0142 do nich i rzek\u0142: Dana Mi jest wszelka w\u0142adza w niebie i na ziemi. Id\u017acie tedy i czy\u0144cie uczniami wszystkie narody, i chrzcijcie je w imi\u0119 Ojca i [&hellip;]","og_url":"https:\/\/slowowiary.org\/pl\/education\/","og_site_name":"S\u0141OWO WIARY","article_modified_time":"2023-08-29T08:37:35+00:00","og_image":[{"url":"https:\/\/slowowiary.org\/wp-content\/uploads\/2023\/08\/photo_2023-07-19-14.58.18.jpeg"}],"twitter_card":"summary_large_image","twitter_misc":{"Szacowany czas czytania":"2 minuty"},"schema":{"@context":"https:\/\/schema.org","@graph":[{"@type":"WebPage","@id":"https:\/\/slowowiary.org\/pl\/education\/","url":"https:\/\/slowowiary.org\/pl\/education\/","name":"\u041e\u0441\u0432\u0456\u0442\u0430 - S\u0141OWO WIARY","isPartOf":{"@id":"https:\/\/slowowiary.org\/#website"},"datePublished":"2023-08-12T08:50:00+00:00","dateModified":"2023-08-29T08:37:35+00:00","breadcrumb":{"@id":"https:\/\/slowowiary.org\/pl\/education\/#breadcrumb"},"inLanguage":"pl-PL","potentialAction":[{"@type":"ReadAction","target":["https:\/\/slowowiary.org\/pl\/education\/"]}]},{"@type":"BreadcrumbList","@id":"https:\/\/slowowiary.org\/pl\/education\/#breadcrumb","itemListElement":[{"@type":"ListItem","position":1,"name":"\u0413\u043e\u043b\u043e\u0432\u043d\u0430","item":"https:\/\/slowowiary.org\/pl\/"},{"@type":"ListItem","position":2,"name":"\u041e\u0441\u0432\u0456\u0442\u0430"}]},{"@type":"WebSite","@id":"https:\/\/slowowiary.org\/#website","url":"https:\/\/slowowiary.org\/","name":"S\u0141OWO WIARY","description":"","potentialAction":[{"@type":"SearchAction","target":{"@type":"EntryPoint","urlTemplate":"https:\/\/slowowiary.org\/?s={search_term_string}"},"query-input":"required name=search_term_string"}],"inLanguage":"pl-PL"}]}},"_links":{"self":[{"href":"https:\/\/slowowiary.org\/pl\/wp-json\/wp\/v2\/pages\/2923","targetHints":{"allow":["GET"]}}],"collection":[{"href":"https:\/\/slowowiary.org\/pl\/wp-json\/wp\/v2\/pages"}],"about":[{"href":"https:\/\/slowowiary.org\/pl\/wp-json\/wp\/v2\/types\/page"}],"author":[{"embeddable":true,"href":"https:\/\/slowowiary.org\/pl\/wp-json\/wp\/v2\/users\/2"}],"replies":[{"embeddable":true,"href":"https:\/\/slowowiary.org\/pl\/wp-json\/wp\/v2\/comments?post=2923"}],"version-history":[{"count":3,"href":"https:\/\/slowowiary.org\/pl\/wp-json\/wp\/v2\/pages\/2923\/revisions"}],"predecessor-version":[{"id":2928,"href":"https:\/\/slowowiary.org\/pl\/wp-json\/wp\/v2\/pages\/2923\/revisions\/2928"}],"wp:attachment":[{"href":"https:\/\/slowowiary.org\/pl\/wp-json\/wp\/v2\/media?parent=2923"}],"curies":[{"name":"wp","href":"https:\/\/api.w.org\/{rel}","templated":true}]}}