{"id":2931,"date":"2023-08-14T17:49:14","date_gmt":"2023-08-14T14:49:14","guid":{"rendered":"https:\/\/slowowiary.org\/?page_id=2931"},"modified":"2023-09-11T16:22:01","modified_gmt":"2023-09-11T13:22:01","slug":"about-us","status":"publish","type":"page","link":"https:\/\/slowowiary.org\/pl\/about-us\/","title":{"rendered":"O nas"},"content":{"rendered":"<section class=\"kc-elm kc-css-770288 kc_row\"><div class=\"kc-row-container  kc-container\"><div class=\"kc-wrap-columns\"><div class=\"kc-elm kc-css-624127 kc_col-sm-12 kc_column kc_col-sm-12\"><div class=\"kc-col-container\"><div class=\"kc-elm kc-css-509778 kc_row kc_row_inner\"><div class=\"kc-elm kc-css-45284 kc_col-sm-12 kc_column_inner kc_col-sm-12\"><div class=\"kc_wrapper kc-col-inner-container\"><div class=\"kc-elm kc-css-754800 kc_shortcode kc_single_image\">\n\n        <img decoding=\"async\" src=\"https:\/\/slowowiary.org\/wp-content\/uploads\/2023\/07\/IMG_6633-1.jpg\" class=\"\" alt=\"\" \/>    <\/div>\n<\/div><\/div><\/div><div class=\"kc-elm kc-css-281603 kc_row kc_row_inner hidden-xs\"><div class=\"kc-elm kc-css-347989 kc_col-sm-3 kc_column_inner kc_col-sm-3\"><div class=\"kc_wrapper kc-col-inner-container\"><div class=\"kc-elm kc-css-626735 kc_shortcode kc_single_image\">\n\n        <img decoding=\"async\" src=\"https:\/\/slowowiary.org\/wp-content\/uploads\/2023\/07\/IMG_2527.jpeg\" class=\"\" alt=\"\" \/>    <\/div>\n<\/div><\/div><div class=\"kc-elm kc-css-576059 kc_col-sm-3 kc_column_inner kc_col-sm-3\"><div class=\"kc_wrapper kc-col-inner-container\"><div class=\"kc-elm kc-css-227834 kc_shortcode kc_single_image\">\n\n        <img decoding=\"async\" src=\"https:\/\/slowowiary.org\/wp-content\/uploads\/2023\/07\/DSC09060.jpeg\" class=\"\" alt=\"\" \/>    <\/div>\n<\/div><\/div><div class=\"kc-elm kc-css-64898 kc_col-sm-3 kc_column_inner kc_col-sm-3\"><div class=\"kc_wrapper kc-col-inner-container\"><div class=\"kc-elm kc-css-203138 kc_shortcode kc_single_image\">\n\n        <img decoding=\"async\" src=\"https:\/\/slowowiary.org\/wp-content\/uploads\/2023\/07\/photo_2023-07-19-14.53.53-1.jpeg\" class=\"\" alt=\"\" \/>    <\/div>\n<\/div><\/div><div class=\"kc-elm kc-css-824293 kc_col-sm-3 kc_column_inner kc_col-sm-3\"><div class=\"kc_wrapper kc-col-inner-container\"><div class=\"kc-elm kc-css-241502 kc_shortcode kc_single_image\">\n\n        <img decoding=\"async\" src=\"https:\/\/slowowiary.org\/wp-content\/uploads\/2023\/07\/IMG_4244.jpeg\" class=\"\" alt=\"\" \/>    <\/div>\n<\/div><\/div><\/div><\/div><\/div><\/div><\/div><\/section><section class=\"kc-elm kc-css-309509 kc_row\"><div class=\"kc-row-container  kc-container  abt-sectionOne\"><div class=\"kc-wrap-columns\"><div class=\"kc-elm kc-css-525354 kc_col-sm-12 kc_column kc_col-sm-12\"><div class=\"kc-col-container\"><div class=\"kc-elm kc-css-368973 kc_row kc_row_inner\"><div class=\"kc-elm kc-css-371746 kc_col-sm-12 kc_column_inner kc_col-sm-12\"><div class=\"kc_wrapper kc-col-inner-container\"><div class=\"kc-elm kc-css-106048 kc_text_block\"><h3 class=\"abt-heading\">O nas<\/h3>\n<h5 class=\"abt-subheading\">Ko\u015bci\u00f3\u0142 S\u0142owo Wiary jest ewangelicznym, chrze\u015bcija\u0144skim ko\u015bcio\u0142em w Polsce, powo\u0142anym do s\u0142u\u017cby narodom s\u0142owia\u0144skim. Jest to spo\u0142eczno\u015b\u0107 zjednoczona wsp\u00f3ln\u0105 wizj\u0105, celami i relacjami opartymi na przykazaniu Jezusa Chrystusa, aby &#8222;mi\u0142owa\u0107 si\u0119 wzajemnie tak, jak Ja was umi\u0142owa\u0142em\". Jan 13:34.<\/h5>\n<p>Pod koniec swojej ziemskiej s\u0142u\u017cby Jezus Chrystus pozostawi\u0142 swoim uczniom wielkie i fundamentalne zadanie do wype\u0142nienia na tej ziemi:<\/p>\n<p>&#8222;A Jezus przyszed\u0142 i przem\u00f3wi\u0142 do nich, m\u00f3wi\u0105c: Dana Mi jest wszelka w\u0142adza w niebie i na ziemi. Id\u017acie tedy i czy\u0144cie uczniami wszystkie narody, i chrzcijcie je w imi\u0119 Ojca i Syna, i Ducha \u015awi\u0119tego, ucz\u0105c je zachowywa\u0107 wszystko, cokolwiek wam przykaza\u0142em\". Mat. 28:19-20.<\/p>\n<p><strong>Nasz\u0105 misj\u0105:<\/strong>\u00a0&#8211; Odnale\u017a\u0107, Wychowa\u0107, Uwielbi\u0107 Boga<\/p>\n<p><strong>Odnale\u017a\u0107.<\/strong><br \/>&#8222;idzie za zgubion\u0105, a\u017c j\u0105 znajdzie&#8230;\" \u0141ukasza 15:4.<\/p>\n<p><strong>Wzrasta\u0107.<\/strong><br \/>&#8222;Wyposa\u017ca\u0107 lud Bo\u017cy do s\u0142u\u017cby, do budowania cia\u0142a Chrystusowego&#8230;\" Efezjan 4:12.<\/p>\n<p><strong>Uwielbi\u0107 Boga.<\/strong><br \/>&#8222;Ojciec m\u00f3j w tym jest uwielbiony, aby\u015bcie obfity owoc przynosili i stawali si\u0119 moimi uczniami\" &#8211; Ew. Jana 15:8.<\/p>\n<p><strong>Nasz\u0105 wizj\u0105<\/strong> &#8211; jest ko\u015bci\u00f3\u0142 gotowy na spotkanie z Jezusem Chrystusem, dojrza\u0142y w wierze i przynosz\u0105cy owoce.<\/p>\n<\/p>\n<p>Uwaga! <a href=\"https:\/\/drive.google.com\/file\/d\/1C4TsqGsLQrmh4C12NgqwXnHYILv3Sp7g\/view\">Polityka ochrone dziecy<\/a>\u00a0<\/p>\n<\/div><\/div><\/div><\/div><\/div><\/div><\/div><\/div><\/section><section class=\"kc-elm kc-css-58554 kc_row\"><div class=\"kc-row-container  kc-container\"><div class=\"kc-wrap-columns\"><div class=\"kc-elm kc-css-819448 kc_col-sm-6 kc_column kc_col-sm-6 col-sm-12\"><div class=\"kc-col-container\"><div class=\"kc-elm kc-css-613164 kc_text_block\"><h4 class=\"contact-heading\">Modlitwa<\/h4>\n<p><strong>Modlitwa skruchy<\/strong> jest apelem cz\u0142owieka do Boga o przebaczenie grzech\u00f3w i przyj\u0119cie go do rodziny zbawionych ludzi.<\/p>\n<p><em>&#8222;Ojcze m\u00f3j niebieski, dzi\u0119kuj\u0119 Ci, poniewa\u017c umi\u0142owa\u0142e\u015b mnie wieczn\u0105 mi\u0142o\u015bci\u0105. Okaza\u0142e\u015b t\u0119 mi\u0142o\u015b\u0107, posy\u0142aj\u0105c swojego Syna Jezusa Chrystusa, aby umar\u0142 za moje grzechy. Wyznaj\u0119, \u017ce jestem grzeszn\u0105 osob\u0105 i potrzebuj\u0119 Twojego przebaczenia i zbawienia. Prosz\u0119 Ci\u0119, aby\u015b mi przebaczy\u0142, oczy\u015bci\u0142 mnie i przyj\u0105\u0142 jako swoje dziecko. Wyznaj\u0119 Jezusa Chrystusa jako Syna Bo\u017cego i mojego osobistego Pana i Zbawiciela. Prosz\u0119, wejd\u017a do mojego serca, do mojego \u017cycia i zmie\u0144 je. Pom\u00f3\u017c mi \u017cy\u0107 tak, jak Ty tego chcesz. Dzi\u0119kuj\u0119 Ci, Ojcze Niebieski, za wys\u0142uchanie mojej modlitwy i przyj\u0119cie mnie\". Amen.<\/em><\/p>\n<h4><strong>Jeste\u015bmy w mediach spo\u0142eczno\u015bciowych: B\u0105d\u017a z nami w kontakcie!<\/strong><\/h4>\n<p>Korzystaj z inspiracji, informacji i wydarze\u0144 na naszych kana\u0142ach spo\u0142eczno\u015bciowych, gdziekolwiek jeste\u015b:<\/p>\n<\/div><div class=\"social-icon social-two\"><ul><li><a href=\"https:\/\/www.facebook.com\/groups\/slowowiary\" target=\"_blank\" title=\"caption\" style=\"background:#3b5998;\"><i style=\"color:#ffffff;\" class=\"fa fa-facebook\"><\/i><\/a><\/li><li><a href=\"https:\/\/www.youtube.com\/channel\/UC6i8dnjbLKeKDAmzUeLn4ag\" target=\"_blank\" title=\"caption\" style=\"background:#c4302b;\"><i style=\"color:#ffffff;\" class=\"fa fa-youtube-play\"><\/i><\/a><\/li><li><a href=\"https:\/\/www.instagram.com\/slowo_wiary\/\" target=\"_blank\" title=\"social-media\" style=\"background:#c4302b;\"><i style=\"color:#ffffff;\" class=\"fab-instagram\"><\/i><\/a><\/li><\/ul><\/div><\/div><\/div><div class=\"kc-elm kc-css-118012 kc_col-sm-6 kc_column kc_col-sm-6 col-sm-12\"><div class=\"kc-col-container\"><div class=\"kc-elm kc-css-5831 kc_text_block\"><h4 class=\"contact-heading\">Skontaktuj si\u0119 z nami<\/h4>\n<h5 class=\"contact-subheading\">Je\u015bli potrzebujesz modlitwy lub masz pytania, skontaktuj si\u0119 z nami<\/h5>\n<\/div><div class=\"kc-elm kc-css-378549 kc_text_block\"><div class=\"wpcf7 no-js\" id=\"wpcf7-f17-o1\" lang=\"uk\" dir=\"ltr\">\n<div class=\"screen-reader-response\">\n<p role=\"status\" aria-live=\"polite\" aria-atomic=\"true\">\n<ul><\/ul>\n<\/div>\n<form action=\"\/pl\/wp-json\/wp\/v2\/pages\/2931#wpcf7-f17-o1\" method=\"post\" class=\"wpcf7-form init\" aria-label=\"Contact form\" novalidate=\"novalidate\" data-status=\"init\">\n<div style=\"display: none;\">\n<input type=\"hidden\" name=\"_wpcf7\" value=\"17\" \/><br \/>\n<input type=\"hidden\" name=\"_wpcf7_version\" value=\"5.8\" \/><br \/>\n<input type=\"hidden\" name=\"_wpcf7_locale\" value=\"uk\" \/><br \/>\n<input type=\"hidden\" name=\"_wpcf7_unit_tag\" value=\"wpcf7-f17-o1\" \/><br \/>\n<input type=\"hidden\" name=\"_wpcf7_container_post\" value=\"0\" \/><br \/>\n<input type=\"hidden\" name=\"_wpcf7_posted_data_hash\" value=\"\" \/>\n<\/div>\n<div class=\"contact-form\">\n<div class=\"row\">\n<div class=\"col-lg-6 col-md-6 col-sm-6 col-xs-12\">\n<div class=\"form-group\">\n<p><span class=\"wpcf7-form-control-wrap\" data-name=\"Name\"><input size=\"40\" class=\"wpcf7-form-control wpcf7-text wpcf7-validates-as-required form-control\" id=\"about_name\" aria-required=\"true\" aria-invalid=\"false\" placeholder=\"Name\" value=\"\" type=\"text\" name=\"Name\" \/><\/span>\n\t\t\t\t<\/p>\n<\/p><\/div>\n<\/p><\/div>\n<div class=\"col-lg-6 col-md-6 col-sm-6 col-xs-12\">\n<div class=\"form-group\">\n<p><span class=\"wpcf7-form-control-wrap\" data-name=\"Email\"><input size=\"40\" class=\"wpcf7-form-control wpcf7-email wpcf7-validates-as-required wpcf7-text wpcf7-validates-as-email form-control\" id=\"about_email\" aria-required=\"true\" aria-invalid=\"false\" placeholder=\"Email\" value=\"\" type=\"email\" name=\"Email\" \/><\/span>\n\t\t\t\t<\/p>\n<\/p><\/div>\n<\/p><\/div>\n<div class=\"col-lg-12 col-md-12 col-sm-12 col-xs-12\">\n<div class=\"form-group\">\n<p><span class=\"wpcf7-form-control-wrap\" data-name=\"Message\"><textarea cols=\"40\" rows=\"10\" class=\"wpcf7-form-control wpcf7-textarea wpcf7-validates-as-required form-textarea\" id=\"about_message\" aria-required=\"true\" aria-invalid=\"false\" placeholder=\"Message\" name=\"Message\"><\/textarea><\/span>\n\t\t\t\t<\/p>\n<\/p><\/div>\n<p><input class=\"wpcf7-form-control wpcf7-submit has-spinner btn btn-default\" id=\"about_submit\" type=\"submit\" value=\"Send\" \/>\n\t\t\t<\/p>\n<\/p><\/div>\n<\/p><\/div>\n<\/div>\n<div class=\"wpcf7-response-output\" aria-hidden=\"true\"><\/div>\n<\/form>\n<\/div>\n<\/div><\/div><\/div><\/div><\/div><\/section><section class=\"kc-elm kc-css-677274 kc_row\"><div class=\"kc-row-container  kc-container\"><div class=\"kc-wrap-columns\"><div class=\"kc-elm kc-css-962229 kc_col-sm-12 kc_column kc_col-sm-12\"><div class=\"kc-col-container\"><div class=\"pastor-main-block\"><div id=\"pastor-slider\" class=\"pastor-slider\"><div class=\"item pastor-block\">  \n\t\t\t          <div class=\"container\">\n\t\t\t            <div class=\"pastor-content\">\n\t\t\t              <span class=\"quotes-icon\"><i class=\"fa fa-2x fa-quote-left\"><\/i><\/span>\n\t\t\t              <h2 class=\"pastor-dtl\">\"Zgodnie z Pismem Chrystus umar\u0142 za nasze grzechy i zosta\u0142 pogrzebany, i zmartwychwsta\u0142 trzeciego dnia\". 1 Koryntian 15:3,4<\/h2>\n\t\t\t              <div class=\"pastor-id\"><p><\/p><\/div>\n\t\t\t            <\/div> \n\t\t\t          <\/div>\n\t\t\t        <\/div><div class=\"item pastor-block\">  \n\t\t\t          <div class=\"container\">\n\t\t\t            <div class=\"pastor-content\">\n\t\t\t              <span class=\"quotes-icon\"><i class=\"fa fa-2x fa-quote-left\"><\/i><\/span>\n\t\t\t              <h2 class=\"pastor-dtl\">\"Albowiem tak B\u00f3g umi\u0142owa\u0142 \u015bwiat, \u017ce Syna swego jednorodzonego da\u0142, aby ka\u017cdy, kto we\u0144 wierzy, nie zgin\u0105\u0142, ale mia\u0142 \u017cywot wieczny\". Jana 3:16<\/h2>\n\t\t\t              <div class=\"pastor-id\"><p><\/p><\/div>\n\t\t\t            <\/div> \n\t\t\t          <\/div>\n\t\t\t        <\/div><div class=\"item pastor-block\">  \n\t\t\t          <div class=\"container\">\n\t\t\t            <div class=\"pastor-content\">\n\t\t\t              <span class=\"quotes-icon\"><i class=\"fa fa-2x fa-quote-left\"><\/i><\/span>\n\t\t\t              <h2 class=\"pastor-dtl\">\"A Jezus przyszed\u0142 i przem\u00f3wi\u0142 do nich, m\u00f3wi\u0105c: Dana Mi jest wszelka w\u0142adza w niebie i na ziemi. Id\u017acie tedy i czy\u0144cie uczniami wszystkie narody, i chrzcijcie je w imi\u0119 Ojca i Syna, i Ducha \u015awi\u0119tego, ucz\u0105c je zachowywa\u0107 wszystko, cokolwiek wam przykaza\u0142em\". Mat. 28:19-20<\/h2>\r\n<span data-mce-type=\"bookmark\" style=\"display: inline-block; width: 0px; overflow: hidden; line-height: 0;\" class=\"mce_SELRES_start\">\ufeff<\/span>\n\t\t\t              <div class=\"pastor-id\"><p><\/p><\/div>\n\t\t\t            <\/div> \n\t\t\t          <\/div>\n\t\t\t        <\/div><\/div><\/div><\/div><\/div><\/div><\/div><\/section><section class=\"kc-elm kc-css-174042 kc_row\"><div class=\"kc-row-container  kc-container\"><div class=\"kc-wrap-columns\"><div class=\"kc-elm kc-css-996940 kc_col-sm-12 kc_column kc_col-sm-12\"><div class=\"kc-col-container\"><div class=\"section text-center\">\n\t      <h3 class=\"section-heading\" >Podzi\u0119kowania dla naszych partner\u00f3w<\/h3><h5 class=\"sub-heading\" ><\/h5>\n\t    <\/div><div id=\"supporter-slider\" class=\"supporter-slider\"><div class=\"item supporter-block\">  \n\t          <div class=\"supporter-item\">\n\t            <img decoding=\"async\" src=\"https:\/\/slowowiary.org\/wp-content\/uploads\/2023\/09\/ag-logo___-01.png\" class=\"img-responsive\" alt=\"support-img\">\n\t          <\/div>\n\t        <\/div><div class=\"item supporter-block\">  \n\t          <div class=\"supporter-item\">\n\t            <img decoding=\"async\" src=\"https:\/\/slowowiary.org\/wp-content\/uploads\/2023\/09\/emmanuel.png\" class=\"img-responsive\" alt=\"support-img\">\n\t          <\/div>\n\t        <\/div><div class=\"item supporter-block\">  \n\t          <div class=\"supporter-item\">\n\t            <img decoding=\"async\" src=\"https:\/\/slowowiary.org\/wp-content\/uploads\/2023\/09\/LOL-Logo2018-1_edited_-01-01.png\" class=\"img-responsive\" alt=\"support-img\">\n\t          <\/div>\n\t        <\/div><div class=\"item supporter-block\">  \n\t          <div class=\"supporter-item\">\n\t            <img decoding=\"async\" src=\"https:\/\/slowowiary.org\/wp-content\/uploads\/2023\/09\/compassionate324.png\" class=\"img-responsive\" alt=\"support-img\">\n\t          <\/div>\n\t        <\/div><div class=\"item supporter-block\">  \n\t          <div class=\"supporter-item\">\n\t            <img decoding=\"async\" src=\"https:\/\/slowowiary.org\/wp-content\/uploads\/2023\/08\/agwm-logo-1.png\" class=\"img-responsive\" alt=\"support-img\">\n\t          <\/div>\n\t        <\/div><div class=\"item supporter-block\">  \n\t          <div class=\"supporter-item\">\n\t            <img decoding=\"async\" src=\"https:\/\/slowowiary.org\/wp-content\/uploads\/2023\/08\/CityServe.png\" class=\"img-responsive\" alt=\"support-img\">\n\t          <\/div>\n\t        <\/div><div class=\"item supporter-block\">  \n\t          <div class=\"supporter-item\">\n\t            <img decoding=\"async\" src=\"https:\/\/slowowiary.org\/wp-content\/uploads\/2023\/08\/logo11.png\" class=\"img-responsive\" alt=\"support-img\">\n\t          <\/div>\n\t        <\/div><div class=\"item supporter-block\">  \n\t          <div class=\"supporter-item\">\n\t            <img decoding=\"async\" src=\"https:\/\/slowowiary.org\/wp-content\/uploads\/2023\/08\/lakewood.png\" class=\"img-responsive\" alt=\"support-img\">\n\t          <\/div>\n\t        <\/div><div class=\"item supporter-block\">  \n\t          <div class=\"supporter-item\">\n\t            <img decoding=\"async\" src=\"https:\/\/slowowiary.org\/wp-content\/uploads\/2023\/08\/hope.png\" class=\"img-responsive\" alt=\"support-img\">\n\t          <\/div>\n\t        <\/div><div class=\"item supporter-block\">  \n\t          <div class=\"supporter-item\">\n\t            <img decoding=\"async\" src=\"https:\/\/slowowiary.org\/wp-content\/uploads\/2023\/08\/hor.png\" class=\"img-responsive\" alt=\"support-img\">\n\t          <\/div>\n\t        <\/div><\/div><\/div><\/div><\/div><\/div><\/section>\n","protected":false},"excerpt":{"rendered":"","protected":false},"author":2,"featured_media":0,"parent":0,"menu_order":2,"comment_status":"closed","ping_status":"closed","template":"","meta":{"footnotes":""},"class_list":["post-2931","page","type-page","status-publish","hentry"],"yoast_head":"<!-- This site is optimized with the Yoast SEO plugin v21.1 - https:\/\/yoast.com\/wordpress\/plugins\/seo\/ -->\n<title>O nas - S\u0141OWO WIARY<\/title>\n<meta name=\"robots\" content=\"index, follow, max-snippet:-1, max-image-preview:large, max-video-preview:-1\" \/>\n<link rel=\"canonical\" href=\"https:\/\/slowowiary.org\/pl\/about-us\/\" \/>\n<meta property=\"og:locale\" content=\"pl_PL\" \/>\n<meta property=\"og:type\" content=\"article\" \/>\n<meta property=\"og:title\" content=\"O nas - S\u0141OWO WIARY\" \/>\n<meta property=\"og:description\" content=\"O nas Ko\u015bci\u00f3\u0142 S\u0142owo Wiary jest ewangelicznym, chrze\u015bcija\u0144skim ko\u015bcio\u0142em w Polsce, powo\u0142anym do s\u0142u\u017cby narodom s\u0142owia\u0144skim. Jest to spo\u0142eczno\u015b\u0107 zjednoczona wsp\u00f3ln\u0105 wizj\u0105, celami i relacjami opartymi na przykazaniu Jezusa Chrystusa, aby &#8222;mi\u0142owa\u0107 si\u0119 wzajemnie tak, jak Ja was umi\u0142owa\u0142em&#8221;. Jan 13:34. Pod koniec swojej ziemskiej s\u0142u\u017cby Jezus Chrystus pozostawi\u0142 swoim uczniom wielkie i fundamentalne zadanie [&hellip;]\" \/>\n<meta property=\"og:url\" content=\"https:\/\/slowowiary.org\/pl\/about-us\/\" \/>\n<meta property=\"og:site_name\" content=\"S\u0141OWO WIARY\" \/>\n<meta property=\"article:modified_time\" content=\"2023-09-11T13:22:01+00:00\" \/>\n<meta property=\"og:image\" content=\"https:\/\/slowowiary.org\/wp-content\/uploads\/2023\/07\/IMG_6633-1.jpg\" \/>\n<meta name=\"twitter:card\" content=\"summary_large_image\" \/>\n<meta name=\"twitter:label1\" content=\"Szacowany czas czytania\" \/>\n\t<meta name=\"twitter:data1\" content=\"3 minuty\" \/>\n<script type=\"application\/ld+json\" class=\"yoast-schema-graph\">{\"@context\":\"https:\/\/schema.org\",\"@graph\":[{\"@type\":\"WebPage\",\"@id\":\"https:\/\/slowowiary.org\/pl\/about-us\/\",\"url\":\"https:\/\/slowowiary.org\/pl\/about-us\/\",\"name\":\"O nas - S\u0141OWO WIARY\",\"isPartOf\":{\"@id\":\"https:\/\/slowowiary.org\/#website\"},\"datePublished\":\"2023-08-14T14:49:14+00:00\",\"dateModified\":\"2023-09-11T13:22:01+00:00\",\"breadcrumb\":{\"@id\":\"https:\/\/slowowiary.org\/pl\/about-us\/#breadcrumb\"},\"inLanguage\":\"pl-PL\",\"potentialAction\":[{\"@type\":\"ReadAction\",\"target\":[\"https:\/\/slowowiary.org\/pl\/about-us\/\"]}]},{\"@type\":\"BreadcrumbList\",\"@id\":\"https:\/\/slowowiary.org\/pl\/about-us\/#breadcrumb\",\"itemListElement\":[{\"@type\":\"ListItem\",\"position\":1,\"name\":\"\u0413\u043e\u043b\u043e\u0432\u043d\u0430\",\"item\":\"https:\/\/slowowiary.org\/pl\/\"},{\"@type\":\"ListItem\",\"position\":2,\"name\":\"O nas\"}]},{\"@type\":\"WebSite\",\"@id\":\"https:\/\/slowowiary.org\/#website\",\"url\":\"https:\/\/slowowiary.org\/\",\"name\":\"S\u0141OWO WIARY\",\"description\":\"\",\"potentialAction\":[{\"@type\":\"SearchAction\",\"target\":{\"@type\":\"EntryPoint\",\"urlTemplate\":\"https:\/\/slowowiary.org\/?s={search_term_string}\"},\"query-input\":\"required name=search_term_string\"}],\"inLanguage\":\"pl-PL\"}]}<\/script>\n<!-- \/ Yoast SEO plugin. -->","yoast_head_json":{"title":"O nas - S\u0141OWO WIARY","robots":{"index":"index","follow":"follow","max-snippet":"max-snippet:-1","max-image-preview":"max-image-preview:large","max-video-preview":"max-video-preview:-1"},"canonical":"https:\/\/slowowiary.org\/pl\/about-us\/","og_locale":"pl_PL","og_type":"article","og_title":"O nas - S\u0141OWO WIARY","og_description":"O nas Ko\u015bci\u00f3\u0142 S\u0142owo Wiary jest ewangelicznym, chrze\u015bcija\u0144skim ko\u015bcio\u0142em w Polsce, powo\u0142anym do s\u0142u\u017cby narodom s\u0142owia\u0144skim. Jest to spo\u0142eczno\u015b\u0107 zjednoczona wsp\u00f3ln\u0105 wizj\u0105, celami i relacjami opartymi na przykazaniu Jezusa Chrystusa, aby &#8222;mi\u0142owa\u0107 si\u0119 wzajemnie tak, jak Ja was umi\u0142owa\u0142em&#8221;. Jan 13:34. Pod koniec swojej ziemskiej s\u0142u\u017cby Jezus Chrystus pozostawi\u0142 swoim uczniom wielkie i fundamentalne zadanie [&hellip;]","og_url":"https:\/\/slowowiary.org\/pl\/about-us\/","og_site_name":"S\u0141OWO WIARY","article_modified_time":"2023-09-11T13:22:01+00:00","og_image":[{"url":"https:\/\/slowowiary.org\/wp-content\/uploads\/2023\/07\/IMG_6633-1.jpg"}],"twitter_card":"summary_large_image","twitter_misc":{"Szacowany czas czytania":"3 minuty"},"schema":{"@context":"https:\/\/schema.org","@graph":[{"@type":"WebPage","@id":"https:\/\/slowowiary.org\/pl\/about-us\/","url":"https:\/\/slowowiary.org\/pl\/about-us\/","name":"O nas - S\u0141OWO WIARY","isPartOf":{"@id":"https:\/\/slowowiary.org\/#website"},"datePublished":"2023-08-14T14:49:14+00:00","dateModified":"2023-09-11T13:22:01+00:00","breadcrumb":{"@id":"https:\/\/slowowiary.org\/pl\/about-us\/#breadcrumb"},"inLanguage":"pl-PL","potentialAction":[{"@type":"ReadAction","target":["https:\/\/slowowiary.org\/pl\/about-us\/"]}]},{"@type":"BreadcrumbList","@id":"https:\/\/slowowiary.org\/pl\/about-us\/#breadcrumb","itemListElement":[{"@type":"ListItem","position":1,"name":"\u0413\u043e\u043b\u043e\u0432\u043d\u0430","item":"https:\/\/slowowiary.org\/pl\/"},{"@type":"ListItem","position":2,"name":"O nas"}]},{"@type":"WebSite","@id":"https:\/\/slowowiary.org\/#website","url":"https:\/\/slowowiary.org\/","name":"S\u0141OWO WIARY","description":"","potentialAction":[{"@type":"SearchAction","target":{"@type":"EntryPoint","urlTemplate":"https:\/\/slowowiary.org\/?s={search_term_string}"},"query-input":"required name=search_term_string"}],"inLanguage":"pl-PL"}]}},"_links":{"self":[{"href":"https:\/\/slowowiary.org\/pl\/wp-json\/wp\/v2\/pages\/2931","targetHints":{"allow":["GET"]}}],"collection":[{"href":"https:\/\/slowowiary.org\/pl\/wp-json\/wp\/v2\/pages"}],"about":[{"href":"https:\/\/slowowiary.org\/pl\/wp-json\/wp\/v2\/types\/page"}],"author":[{"embeddable":true,"href":"https:\/\/slowowiary.org\/pl\/wp-json\/wp\/v2\/users\/2"}],"replies":[{"embeddable":true,"href":"https:\/\/slowowiary.org\/pl\/wp-json\/wp\/v2\/comments?post=2931"}],"version-history":[{"count":12,"href":"https:\/\/slowowiary.org\/pl\/wp-json\/wp\/v2\/pages\/2931\/revisions"}],"predecessor-version":[{"id":3337,"href":"https:\/\/slowowiary.org\/pl\/wp-json\/wp\/v2\/pages\/2931\/revisions\/3337"}],"wp:attachment":[{"href":"https:\/\/slowowiary.org\/pl\/wp-json\/wp\/v2\/media?parent=2931"}],"curies":[{"name":"wp","href":"https:\/\/api.w.org\/{rel}","templated":true}]}}