{"id":3053,"date":"2017-06-30T11:12:27","date_gmt":"2017-06-30T08:12:27","guid":{"rendered":"https:\/\/slowowiary.org\/?page_id=3053"},"modified":"2023-08-31T10:51:27","modified_gmt":"2023-08-31T07:51:27","slug":"contact-us","status":"publish","type":"page","link":"https:\/\/slowowiary.org\/pl\/contact-us\/","title":{"rendered":"Kontakt"},"content":{"rendered":"<section class=\"kc-elm kc-css-243355 kc_row\"><div class=\"kc-row-container  kc-container\"><div class=\"kc-wrap-columns\"><div class=\"kc-elm kc-css-632961 kc_col-sm-12 kc_column kc_col-sm-12\"><div class=\"kc-col-container\"><div id=\"googleMap_867586575\" data-icon=\"https:\/\/slowowiary.org\/wp-content\/themes\/church\/assets\/theme\/images\/marker.png\" data-latitude=\"52.28203442545316\" data-longitude=\" 21.074954362634006\" class=\"fixit_front_google_map event-map\" style=\"height:640px;\"><\/div><\/div><\/div><\/div><\/div><\/section><section class=\"kc-elm kc-css-583468 kc_row\"><div class=\"kc-row-container  kc-container\"><div class=\"kc-wrap-columns\"><div class=\"kc-elm kc-css-427860 kc_col-sm-4 kc_column kc_col-sm-4\"><div class=\"kc-col-container\"><div class=\"contact-two\"><div  class=\"contact-block block-one \" style=\" font-size:30px; color:#ffffff; background:#e4b855;\">\n\t\t\t    <div class=\"contact-icon\"><i class=\"fa-home\" style=\" font-size:30px; color:#ffffff;\"><\/i><\/div>\n\t\t\t    <h4 class=\"contact-heading\">\u00a0<\/h4>\r\n<p class=\"contact-address\">Niedziela 16:00<\/p>\r\n<p>Wyborna 20, 03-681 Warszawa<\/p>\r\n\n\t\t\t<\/div><\/div><\/div><\/div><div class=\"kc-elm kc-css-489377 kc_col-sm-4 kc_column kc_col-sm-4\"><div class=\"kc-col-container\"><div class=\"contact-two\"><div  class=\"contact-block block-one \" style=\" font-size:30px; color:#ffffff; background:#d9ae4c;\">\n\t\t\t    <div class=\"contact-icon\"><i class=\"sl-call-in\" style=\" font-size:30px; color:#ffffff;\"><\/i><\/div>\n\t\t\t    <h4 class=\"contact-heading\">\u00a0<\/h4>\r\n<p class=\"contact-no\"><a href=\"tel:+48504739000\">+48 504 739 000<\/a><\/p>\r\n<p><a href=\"tel:+48728524002\">+48 728 524 002<\/a><\/p>\r\n\n\t\t\t<\/div><\/div><\/div><\/div><div class=\"kc-elm kc-css-17090 kc_col-sm-4 kc_column kc_col-sm-4\"><div class=\"kc-col-container\"><div class=\"contact-two\"><div  class=\"contact-block block-one \" style=\" font-size:30px; color:#ffffff; background:#cea443;\">\n\t\t\t    <div class=\"contact-icon\"><i class=\"fa-envelope\" style=\" font-size:30px; color:#ffffff;\"><\/i><\/div>\n\t\t\t    <h4 class=\"contact-heading\">\u00a0<\/h4>\r\n<p class=\"mail-to\"><a href=\"mailto:zbor.ukrainski@gmail.com?Subject=Hello\" target=\"_top\">zbor.ukrainski@gmail.com<\/a><\/p>\r\n\n\t\t\t<\/div><\/div><\/div><\/div><\/div><\/div><\/section><section class=\"kc-elm kc-css-576486 kc_row\"><div class=\"kc-row-container  kc-container\"><div class=\"kc-wrap-columns\"><div class=\"kc-elm kc-css-18304 kc_col-sm-12 kc_column kc_col-sm-12\"><div class=\"kc-col-container\"><div class=\"section text-center\">\n\t      <h3 class=\"section-heading\" >Formularz kontaktowy<\/h3><h5 class=\"sub-heading\" >Je\u015bli masz jakie\u015b pytania lub chcia\u0142by\u015b s\u0142u\u017cy\u0107, skontaktuj si\u0119 z nami <\/h5>\n\t    <\/div><\/div><\/div><\/div><\/div><\/section><section class=\"kc-elm kc-css-441220 kc_row\"><div class=\"kc-row-container  kc-container\"><div class=\"kc-wrap-columns\"><div class=\"kc-elm kc-css-496733 kc_col-sm-12 kc_column kc_col-sm-12\"><div class=\"kc-col-container\"><div class=\"kc-elm kc-css-668891 kc_text_block\"><div class=\"wpcf7 no-js\" id=\"wpcf7-f3060-o1\" lang=\"pl-PL\" dir=\"ltr\">\n<div class=\"screen-reader-response\">\n<p role=\"status\" aria-live=\"polite\" aria-atomic=\"true\">\n<ul><\/ul>\n<\/div>\n<form action=\"\/pl\/wp-json\/wp\/v2\/pages\/3053#wpcf7-f3060-o1\" method=\"post\" class=\"wpcf7-form init\" aria-label=\"Formularz kontaktowy\" novalidate=\"novalidate\" data-status=\"init\">\n<div style=\"display: none;\">\n<input type=\"hidden\" name=\"_wpcf7\" value=\"3060\" \/><br \/>\n<input type=\"hidden\" name=\"_wpcf7_version\" value=\"5.8\" \/><br \/>\n<input type=\"hidden\" name=\"_wpcf7_locale\" value=\"pl_PL\" \/><br \/>\n<input type=\"hidden\" name=\"_wpcf7_unit_tag\" value=\"wpcf7-f3060-o1\" \/><br \/>\n<input type=\"hidden\" name=\"_wpcf7_container_post\" value=\"0\" \/><br \/>\n<input type=\"hidden\" name=\"_wpcf7_posted_data_hash\" value=\"\" \/>\n<\/div>\n<div class=\"form-main-block\">\n<div class=\"contact-form-block\">\n<div class=\"contact-form\">\n<div class=\"col-lg-4 col-md-4 col-sm-4 col-xs-12\">\n<div class=\"form-group\">\n<p><span class=\"wpcf7-form-control-wrap\" data-name=\"Name\"><input size=\"40\" class=\"wpcf7-form-control wpcf7-text wpcf7-validates-as-required form-control\" id=\"pastor_details_name\" aria-required=\"true\" aria-invalid=\"false\" placeholder=\"Imi\u0119 i nazwisko\" value=\"\" type=\"text\" name=\"Name\" \/><\/span>\n\t\t\t\t\t<\/p>\n<\/p><\/div>\n<\/p><\/div>\n<div class=\"col-lg-4 col-md-4 col-sm-4 col-xs-12\">\n<div class=\"form-group\">\n<p><span class=\"wpcf7-form-control-wrap\" data-name=\"Phone\"><input size=\"40\" class=\"wpcf7-form-control wpcf7-text wpcf7-validates-as-required form-control\" id=\"pastor_details_number\" aria-required=\"true\" aria-invalid=\"false\" placeholder=\"Numer telefonu\" value=\"\" type=\"text\" name=\"Phone\" \/><\/span>\n\t\t\t\t\t<\/p>\n<\/p><\/div>\n<\/p><\/div>\n<div class=\"col-lg-4 col-md-4 col-sm-4 col-xs-12\">\n<div class=\"form-group\">\n<p><span class=\"wpcf7-form-control-wrap\" data-name=\"Email\"><input size=\"40\" class=\"wpcf7-form-control wpcf7-text wpcf7-validates-as-required form-control\" id=\"pastor_details_email\" aria-required=\"true\" aria-invalid=\"false\" placeholder=\"E-mail\" value=\"\" type=\"text\" name=\"Email\" \/><\/span>\n\t\t\t\t\t<\/p>\n<\/p><\/div>\n<\/p><\/div>\n<div class=\"col-lg-12 col-md-12 col-sm-12 col-xs-12\">\n<div class=\"form-group\">\n<p><span class=\"wpcf7-form-control-wrap\" data-name=\"Message\"><textarea cols=\"40\" rows=\"10\" class=\"wpcf7-form-control wpcf7-textarea wpcf7-validates-as-required form-control\" id=\"pastor_message\" aria-required=\"true\" aria-invalid=\"false\" placeholder=\"Wiadomo\u015b\u0107\" name=\"Message\"><\/textarea><\/span>\n\t\t\t\t\t<\/p>\n<\/p><\/div>\n<\/p><\/div>\n<div class=\"col-lg-12 col-md-12 col-sm-12 col-xs-12\">\n<p><span class=\"pastor-btn\"><br \/>\n<input class=\"wpcf7-form-control wpcf7-submit has-spinner btn btn-default\" id=\"pastor_details_send\" type=\"submit\" value=\"Wy\u015blij wiadomo\u015b\u0107\" \/><br \/>\n<\/span>\n\t\t\t\t<\/p>\n<\/p><\/div>\n<\/p><\/div>\n<\/p><\/div>\n<\/div>\n<div class=\"wpcf7-response-output\" aria-hidden=\"true\"><\/div>\n<\/form>\n<\/div>\n<\/div><\/div><\/div><\/div><\/div><\/section>\n","protected":false},"excerpt":{"rendered":"","protected":false},"author":2,"featured_media":0,"parent":0,"menu_order":14,"comment_status":"closed","ping_status":"closed","template":"","meta":{"footnotes":""},"class_list":["post-3053","page","type-page","status-publish","hentry"],"yoast_head":"<!-- This site is optimized with the Yoast SEO plugin v21.1 - https:\/\/yoast.com\/wordpress\/plugins\/seo\/ -->\n<title>Kontakt - S\u0141OWO WIARY<\/title>\n<meta name=\"robots\" content=\"index, follow, max-snippet:-1, max-image-preview:large, max-video-preview:-1\" \/>\n<link rel=\"canonical\" href=\"https:\/\/slowowiary.org\/pl\/contact-us\/\" \/>\n<meta property=\"og:locale\" content=\"pl_PL\" \/>\n<meta property=\"og:type\" content=\"article\" \/>\n<meta property=\"og:title\" content=\"Kontakt - S\u0141OWO WIARY\" \/>\n<meta property=\"og:description\" content=\"\u00a0 Niedziela 16:00 Wyborna 20, 03-681 Warszawa \u00a0 +48 504 739 000 +48 728 524 002 \u00a0 zbor.ukrainski@gmail.com Formularz kontaktowy Je\u015bli masz jakie\u015b pytania lub chcia\u0142by\u015b s\u0142u\u017cy\u0107, skontaktuj si\u0119 z nami\" \/>\n<meta property=\"og:url\" content=\"https:\/\/slowowiary.org\/pl\/contact-us\/\" \/>\n<meta property=\"og:site_name\" content=\"S\u0141OWO WIARY\" \/>\n<meta property=\"article:modified_time\" content=\"2023-08-31T07:51:27+00:00\" \/>\n<meta name=\"twitter:card\" content=\"summary_large_image\" \/>\n<meta name=\"twitter:label1\" content=\"Szacowany czas czytania\" \/>\n\t<meta name=\"twitter:data1\" content=\"1 minuta\" \/>\n<script type=\"application\/ld+json\" class=\"yoast-schema-graph\">{\"@context\":\"https:\/\/schema.org\",\"@graph\":[{\"@type\":\"WebPage\",\"@id\":\"https:\/\/slowowiary.org\/pl\/contact-us\/\",\"url\":\"https:\/\/slowowiary.org\/pl\/contact-us\/\",\"name\":\"Kontakt - S\u0141OWO WIARY\",\"isPartOf\":{\"@id\":\"https:\/\/slowowiary.org\/#website\"},\"datePublished\":\"2017-06-30T08:12:27+00:00\",\"dateModified\":\"2023-08-31T07:51:27+00:00\",\"breadcrumb\":{\"@id\":\"https:\/\/slowowiary.org\/pl\/contact-us\/#breadcrumb\"},\"inLanguage\":\"pl-PL\",\"potentialAction\":[{\"@type\":\"ReadAction\",\"target\":[\"https:\/\/slowowiary.org\/pl\/contact-us\/\"]}]},{\"@type\":\"BreadcrumbList\",\"@id\":\"https:\/\/slowowiary.org\/pl\/contact-us\/#breadcrumb\",\"itemListElement\":[{\"@type\":\"ListItem\",\"position\":1,\"name\":\"\u0413\u043e\u043b\u043e\u0432\u043d\u0430\",\"item\":\"https:\/\/slowowiary.org\/pl\/\"},{\"@type\":\"ListItem\",\"position\":2,\"name\":\"Kontakt\"}]},{\"@type\":\"WebSite\",\"@id\":\"https:\/\/slowowiary.org\/#website\",\"url\":\"https:\/\/slowowiary.org\/\",\"name\":\"S\u0141OWO WIARY\",\"description\":\"\",\"potentialAction\":[{\"@type\":\"SearchAction\",\"target\":{\"@type\":\"EntryPoint\",\"urlTemplate\":\"https:\/\/slowowiary.org\/?s={search_term_string}\"},\"query-input\":\"required name=search_term_string\"}],\"inLanguage\":\"pl-PL\"}]}<\/script>\n<!-- \/ Yoast SEO plugin. -->","yoast_head_json":{"title":"Kontakt - S\u0141OWO WIARY","robots":{"index":"index","follow":"follow","max-snippet":"max-snippet:-1","max-image-preview":"max-image-preview:large","max-video-preview":"max-video-preview:-1"},"canonical":"https:\/\/slowowiary.org\/pl\/contact-us\/","og_locale":"pl_PL","og_type":"article","og_title":"Kontakt - S\u0141OWO WIARY","og_description":"\u00a0 Niedziela 16:00 Wyborna 20, 03-681 Warszawa \u00a0 +48 504 739 000 +48 728 524 002 \u00a0 zbor.ukrainski@gmail.com Formularz kontaktowy Je\u015bli masz jakie\u015b pytania lub chcia\u0142by\u015b s\u0142u\u017cy\u0107, skontaktuj si\u0119 z nami","og_url":"https:\/\/slowowiary.org\/pl\/contact-us\/","og_site_name":"S\u0141OWO WIARY","article_modified_time":"2023-08-31T07:51:27+00:00","twitter_card":"summary_large_image","twitter_misc":{"Szacowany czas czytania":"1 minuta"},"schema":{"@context":"https:\/\/schema.org","@graph":[{"@type":"WebPage","@id":"https:\/\/slowowiary.org\/pl\/contact-us\/","url":"https:\/\/slowowiary.org\/pl\/contact-us\/","name":"Kontakt - S\u0141OWO WIARY","isPartOf":{"@id":"https:\/\/slowowiary.org\/#website"},"datePublished":"2017-06-30T08:12:27+00:00","dateModified":"2023-08-31T07:51:27+00:00","breadcrumb":{"@id":"https:\/\/slowowiary.org\/pl\/contact-us\/#breadcrumb"},"inLanguage":"pl-PL","potentialAction":[{"@type":"ReadAction","target":["https:\/\/slowowiary.org\/pl\/contact-us\/"]}]},{"@type":"BreadcrumbList","@id":"https:\/\/slowowiary.org\/pl\/contact-us\/#breadcrumb","itemListElement":[{"@type":"ListItem","position":1,"name":"\u0413\u043e\u043b\u043e\u0432\u043d\u0430","item":"https:\/\/slowowiary.org\/pl\/"},{"@type":"ListItem","position":2,"name":"Kontakt"}]},{"@type":"WebSite","@id":"https:\/\/slowowiary.org\/#website","url":"https:\/\/slowowiary.org\/","name":"S\u0141OWO WIARY","description":"","potentialAction":[{"@type":"SearchAction","target":{"@type":"EntryPoint","urlTemplate":"https:\/\/slowowiary.org\/?s={search_term_string}"},"query-input":"required name=search_term_string"}],"inLanguage":"pl-PL"}]}},"_links":{"self":[{"href":"https:\/\/slowowiary.org\/pl\/wp-json\/wp\/v2\/pages\/3053","targetHints":{"allow":["GET"]}}],"collection":[{"href":"https:\/\/slowowiary.org\/pl\/wp-json\/wp\/v2\/pages"}],"about":[{"href":"https:\/\/slowowiary.org\/pl\/wp-json\/wp\/v2\/types\/page"}],"author":[{"embeddable":true,"href":"https:\/\/slowowiary.org\/pl\/wp-json\/wp\/v2\/users\/2"}],"replies":[{"embeddable":true,"href":"https:\/\/slowowiary.org\/pl\/wp-json\/wp\/v2\/comments?post=3053"}],"version-history":[{"count":6,"href":"https:\/\/slowowiary.org\/pl\/wp-json\/wp\/v2\/pages\/3053\/revisions"}],"predecessor-version":[{"id":3336,"href":"https:\/\/slowowiary.org\/pl\/wp-json\/wp\/v2\/pages\/3053\/revisions\/3336"}],"wp:attachment":[{"href":"https:\/\/slowowiary.org\/pl\/wp-json\/wp\/v2\/media?parent=3053"}],"curies":[{"name":"wp","href":"https:\/\/api.w.org\/{rel}","templated":true}]}}