{"id":3065,"date":"2023-07-22T12:19:31","date_gmt":"2023-07-22T09:19:31","guid":{"rendered":"https:\/\/slowowiary.org\/?page_id=3065"},"modified":"2023-08-31T11:02:26","modified_gmt":"2023-08-31T08:02:26","slug":"creed","status":"publish","type":"page","link":"https:\/\/slowowiary.org\/pl\/creed\/","title":{"rendered":"Doktryna"},"content":{"rendered":"<section class=\"kc-elm kc-css-329031 kc_row\"><div class=\"kc-row-container  kc-container\"><div class=\"kc-wrap-columns\"><div class=\"kc-elm kc-css-384636 kc_col-sm-12 kc_column kc_col-sm-12\"><div class=\"kc-col-container\"><div class=\"kc-elm kc-css-303809 kc_shortcode kc_single_image\">\n\n        <img decoding=\"async\" src=\"https:\/\/slowowiary.org\/wp-content\/uploads\/2023\/08\/7-3.jpg\" class=\"\" alt=\"\" \/>    <\/div>\n<\/div><\/div><\/div><\/div><\/section><section class=\"kc-elm kc-css-770406 kc_row\"><div class=\"kc-row-container  kc-container\"><div class=\"kc-wrap-columns\"><div class=\"kc-elm kc-css-988837 kc_col-sm-12 kc_column kc_col-sm-12\"><div class=\"kc-col-container\"><div class=\"kc-elm kc-css-191707 kc_text_block\"><h4><\/h4>\n<\/p>\n<p><center>Czuwajcie, trwajcie mocno w wierze, b\u0105d\u017acie m\u0119\u017cni i umacniajcie si\u0119! Wszystkie wasze sprawy niech si\u0119 dokonuj\u0105 w mi\u0142o\u015bci!<\/center> &nbsp;<\/p>\n<h4 class=\"abt-heading\" style=\"text-align: right;\">1 Koryntian 16:13-14<\/h4>\n<h4><strong>Wierzymy:<\/strong><\/h4>\n<p><strong>Pan B\u00f3g jest jedynym Panem.<\/strong> Jest Wszechmog\u0105cym Stw\u00f3rc\u0105, kt\u00f3ry stworzy\u0142 niebo i ziemi\u0119, wszystko, co widzialne i niewidzialne, a tak\u017ce cz\u0142owieka, na obraz i podobie\u0144stwo Boga, objawiaj\u0105c si\u0119 w trzech Osobach. Ojciec, Syn i Duch \u015awi\u0119ty s\u0105 trzema wiecznymi Osobami Boskimi, kt\u00f3re r\u00f3\u017cni\u0105 si\u0119 w swoich przejawach i pos\u0142ugach, ale s\u0105 r\u00f3wne w naturze i istocie i s\u0105 Jednym Bogiem.<\/p>\n<p><strong>Biblia<\/strong> jest prawdziwym, \u017cywym i wiecznym S\u0142owem Bo\u017cym skierowanym do cz\u0142owieka, przez kt\u00f3re B\u00f3g objawia siebie i prawd\u0119 o sobie. Biblia jest natchnion\u0105 przez Boga Ksi\u0119g\u0105 napisan\u0105 przez ludzi kierowanych przez Ducha \u015awi\u0119tego i jest nieomyln\u0105 podstaw\u0105 i autorytetem dla nauczania Ko\u015bcio\u0142a.<\/p>\n<p><strong>Jezus Chrystus<\/strong> jest Synem Bo\u017cym. Jest w pe\u0142ni wieczny w swojej naturze, niestworzony B\u00f3g, a jednocze\u015bnie w pe\u0142ni cz\u0142owiek. B\u0119d\u0105c Bogiem, przyj\u0105\u0142 cia\u0142o cz\u0142owieka i sta\u0142 si\u0119 ofiar\u0105 pojednania mi\u0119dzy cz\u0142owiekiem a Bogiem, umieraj\u0105c za grzechy ca\u0142ej ludzko\u015bci. Trzeciego dnia zmartwychwsta\u0142, wst\u0105pi\u0142 do nieba i zasiada po prawicy Ojca jako jedyny Or\u0119downik i Po\u015brednik pomi\u0119dzy Bogiem a lud\u017ami. Tylko przez wiar\u0119 w Jezusa Chrystusa cz\u0142owiek mo\u017ce zosta\u0107 pojednany z Bogiem, zbawiony od grzechu i otrzyma\u0107 \u017cycie wieczne z Nim.<\/p>\n<p><strong>Przymierze jest umow\u0105.<\/strong> B\u00f3g chcia\u0142 zawrze\u0107 przymierze z cz\u0142owiekiem. Cz\u0142owiek wchodzi w to przymierze poprzez wiar\u0119 w ofiar\u0119 Jezusa Chrystusa, pokut\u0119 i wyznanie wiary poprzez chrzest wodny. Zanurzenie w wodzie nie jest zmyciem grzech\u00f3w, ale symbolem \u015bmierci grzesznego cz\u0142owieka i zmartwychwstania nowego cz\u0142owieka. Ten widzialny akt jest dokonywany w imi\u0119 Ojca i Syna i Ducha \u015awi\u0119tego, jak nakaza\u0142 Chrystus. Podstaw\u0105 tego przymierza jest ofiara Jezusa Chrystusa, kt\u00f3r\u0105 Ko\u015bci\u00f3\u0142 upami\u0119tnia poprzez widzialne przykazanie &#8222;Wieczerze Pa\u0144sk\u0105\", gdzie wino jest symbolem krwi Chrystusa, a chleb jest symbolem Jego cia\u0142a.<\/p>\n<p><strong>Ko\u015bci\u00f3\u0142<\/strong> jest zgromadzeniem ludzi zbawionych przez Boga. Nie jest organizacj\u0105, ale duchowym organizmem, kt\u00f3ry symbolicznie jest cia\u0142em Jezusa Chrystusa, gdzie On jest G\u0142ow\u0105. Ko\u015bci\u00f3\u0142 jest wynikiem zako\u0144czonej, zbawczej misji Chrystusa. Zosta\u0142 za\u0142o\u017cony przez Niego i ma swoje pocz\u0105tki w dniu Pi\u0119\u0107dziesi\u0105tnicy, kiedy Duch \u015awi\u0119ty zst\u0105pi\u0142 na aposto\u0142\u00f3w. Ko\u015bci\u00f3\u0142 nie jest ani duchowym Izraelem, ani jego kontynuacj\u0105, ale zborem zbawionych ludzi ze wszystkich narod\u00f3w.<\/p>\n<p><strong>Drugie przyj\u015bcie Chrystusa.<\/strong> Ko\u015bci\u00f3\u0142 \u017cyje wiar\u0105 i nadziej\u0105, \u017ce Jezus Chrystus, b\u0119d\u0105c wiecznie \u017cywym, przyjdzie na ziemi\u0119 po raz drugi, tak jak wst\u0105pi\u0142 do nieba, aby s\u0105dzi\u0107 wszystkich \u017cywych i umar\u0142ych. Przed Jego powt\u00f3rnym przyj\u015bciem Ko\u015bci\u00f3\u0142 zostanie pochwycony, aby spotka\u0107 si\u0119 z Chrystusem w niebie i b\u0119dzie \u017cy\u0142 z Nim na wieki.<\/p>\n<p><strong>\u015awi\u0119te \u017cycie<\/strong> to \u017cycie po\u015bwi\u0119cone Bogu i oddzielone od grzeszno\u015bci \u015bwiata. W momencie pokuty cz\u0142owiek staje si\u0119 w pe\u0142ni i doskonale sprawiedliwy, \u015bwi\u0119ty i czysty dzi\u0119ki ofierze Jezusa Chrystusa. \u015awi\u0119to\u015b\u0107, kt\u00f3r\u0105 dana osoba otrzymuje w darze, staje si\u0119 podstaw\u0105 procesu u\u015bwi\u0119cenia przez ca\u0142e jej \u017cycie. Osoba \u015bwi\u0119ta jest u\u015bwi\u0119cana nie po to, by osi\u0105gn\u0105\u0107 \u015bwi\u0119to\u015b\u0107 lub zbawi\u0107 swoj\u0105 dusz\u0119, ale po to, by w praktycznym \u017cyciu przemienia\u0107 si\u0119 w charakter Chrystusa. Osoba, kt\u00f3ra nazywa siebie \u015bwi\u0119t\u0105, ale nie prowadzi \u015bwi\u0119tego \u017cycia, nie mo\u017ce by\u0107 podobna do Chrystusa, a w rezultacie nie mo\u017ce by\u0107 z Nim.<\/p>\n<p><strong>Stosunek do \u015bwiata.<\/strong> Pod s\u0142owem &#8222;\u015bwiat\" Ko\u015bci\u00f3\u0142 rozumie nie \u017cycia na tej ziemi, ale grzeszny system i zasady, kt\u00f3rymi kieruje si\u0119 grzech i z\u0142o. Chocia\u017c ko\u015bci\u00f3\u0142 \u017cyje na tym \u015bwiecie, jest od niego oddzielony zasadami Kr\u00f3lestwa Bo\u017cego, kt\u00f3re opieraj\u0105 si\u0119 na Biblii. B\u0119d\u0105c oddzielonym od \u015bwiata, misj\u0105 ko\u015bcio\u0142a nie jest zamykanie si\u0119 przed nim, ale wychodzenie do \u015bwiata, by zbawia\u0107 ludzi, przyprowadzaj\u0105c ich do Chrystusa.<\/p>\n<\/div><\/div><\/div><\/div><\/div><\/section>\n","protected":false},"excerpt":{"rendered":"","protected":false},"author":2,"featured_media":0,"parent":0,"menu_order":0,"comment_status":"closed","ping_status":"closed","template":"","meta":{"footnotes":""},"class_list":["post-3065","page","type-page","status-publish","hentry"],"yoast_head":"<!-- This site is optimized with the Yoast SEO plugin v21.1 - https:\/\/yoast.com\/wordpress\/plugins\/seo\/ -->\n<title>Doktryna - S\u0141OWO WIARY<\/title>\n<meta name=\"robots\" content=\"index, follow, max-snippet:-1, max-image-preview:large, max-video-preview:-1\" \/>\n<link rel=\"canonical\" href=\"https:\/\/slowowiary.org\/pl\/creed\/\" \/>\n<meta property=\"og:locale\" content=\"pl_PL\" \/>\n<meta property=\"og:type\" content=\"article\" \/>\n<meta property=\"og:title\" content=\"Doktryna - S\u0141OWO WIARY\" \/>\n<meta property=\"og:description\" content=\"Czuwajcie, trwajcie mocno w wierze, b\u0105d\u017acie m\u0119\u017cni i umacniajcie si\u0119! Wszystkie wasze sprawy niech si\u0119 dokonuj\u0105 w mi\u0142o\u015bci! &nbsp; 1 Koryntian 16:13-14 Wierzymy: Pan B\u00f3g jest jedynym Panem. Jest Wszechmog\u0105cym Stw\u00f3rc\u0105, kt\u00f3ry stworzy\u0142 niebo i ziemi\u0119, wszystko, co widzialne i niewidzialne, a tak\u017ce cz\u0142owieka, na obraz i podobie\u0144stwo Boga, objawiaj\u0105c si\u0119 w trzech Osobach. Ojciec, [&hellip;]\" \/>\n<meta property=\"og:url\" content=\"https:\/\/slowowiary.org\/pl\/creed\/\" \/>\n<meta property=\"og:site_name\" content=\"S\u0141OWO WIARY\" \/>\n<meta property=\"article:modified_time\" content=\"2023-08-31T08:02:26+00:00\" \/>\n<meta property=\"og:image\" content=\"https:\/\/slowowiary.org\/wp-content\/uploads\/2023\/08\/7-3.jpg\" \/>\n<meta name=\"twitter:card\" content=\"summary_large_image\" \/>\n<meta name=\"twitter:label1\" content=\"Szacowany czas czytania\" \/>\n\t<meta name=\"twitter:data1\" content=\"3 minuty\" \/>\n<script type=\"application\/ld+json\" class=\"yoast-schema-graph\">{\"@context\":\"https:\/\/schema.org\",\"@graph\":[{\"@type\":\"WebPage\",\"@id\":\"https:\/\/slowowiary.org\/pl\/creed\/\",\"url\":\"https:\/\/slowowiary.org\/pl\/creed\/\",\"name\":\"Doktryna - S\u0141OWO WIARY\",\"isPartOf\":{\"@id\":\"https:\/\/slowowiary.org\/#website\"},\"datePublished\":\"2023-07-22T09:19:31+00:00\",\"dateModified\":\"2023-08-31T08:02:26+00:00\",\"breadcrumb\":{\"@id\":\"https:\/\/slowowiary.org\/pl\/creed\/#breadcrumb\"},\"inLanguage\":\"pl-PL\",\"potentialAction\":[{\"@type\":\"ReadAction\",\"target\":[\"https:\/\/slowowiary.org\/pl\/creed\/\"]}]},{\"@type\":\"BreadcrumbList\",\"@id\":\"https:\/\/slowowiary.org\/pl\/creed\/#breadcrumb\",\"itemListElement\":[{\"@type\":\"ListItem\",\"position\":1,\"name\":\"\u0413\u043e\u043b\u043e\u0432\u043d\u0430\",\"item\":\"https:\/\/slowowiary.org\/pl\/\"},{\"@type\":\"ListItem\",\"position\":2,\"name\":\"Doktryna\"}]},{\"@type\":\"WebSite\",\"@id\":\"https:\/\/slowowiary.org\/#website\",\"url\":\"https:\/\/slowowiary.org\/\",\"name\":\"S\u0141OWO WIARY\",\"description\":\"\",\"potentialAction\":[{\"@type\":\"SearchAction\",\"target\":{\"@type\":\"EntryPoint\",\"urlTemplate\":\"https:\/\/slowowiary.org\/?s={search_term_string}\"},\"query-input\":\"required name=search_term_string\"}],\"inLanguage\":\"pl-PL\"}]}<\/script>\n<!-- \/ Yoast SEO plugin. -->","yoast_head_json":{"title":"Doktryna - S\u0141OWO WIARY","robots":{"index":"index","follow":"follow","max-snippet":"max-snippet:-1","max-image-preview":"max-image-preview:large","max-video-preview":"max-video-preview:-1"},"canonical":"https:\/\/slowowiary.org\/pl\/creed\/","og_locale":"pl_PL","og_type":"article","og_title":"Doktryna - S\u0141OWO WIARY","og_description":"Czuwajcie, trwajcie mocno w wierze, b\u0105d\u017acie m\u0119\u017cni i umacniajcie si\u0119! Wszystkie wasze sprawy niech si\u0119 dokonuj\u0105 w mi\u0142o\u015bci! &nbsp; 1 Koryntian 16:13-14 Wierzymy: Pan B\u00f3g jest jedynym Panem. Jest Wszechmog\u0105cym Stw\u00f3rc\u0105, kt\u00f3ry stworzy\u0142 niebo i ziemi\u0119, wszystko, co widzialne i niewidzialne, a tak\u017ce cz\u0142owieka, na obraz i podobie\u0144stwo Boga, objawiaj\u0105c si\u0119 w trzech Osobach. Ojciec, [&hellip;]","og_url":"https:\/\/slowowiary.org\/pl\/creed\/","og_site_name":"S\u0141OWO WIARY","article_modified_time":"2023-08-31T08:02:26+00:00","og_image":[{"url":"https:\/\/slowowiary.org\/wp-content\/uploads\/2023\/08\/7-3.jpg"}],"twitter_card":"summary_large_image","twitter_misc":{"Szacowany czas czytania":"3 minuty"},"schema":{"@context":"https:\/\/schema.org","@graph":[{"@type":"WebPage","@id":"https:\/\/slowowiary.org\/pl\/creed\/","url":"https:\/\/slowowiary.org\/pl\/creed\/","name":"Doktryna - S\u0141OWO WIARY","isPartOf":{"@id":"https:\/\/slowowiary.org\/#website"},"datePublished":"2023-07-22T09:19:31+00:00","dateModified":"2023-08-31T08:02:26+00:00","breadcrumb":{"@id":"https:\/\/slowowiary.org\/pl\/creed\/#breadcrumb"},"inLanguage":"pl-PL","potentialAction":[{"@type":"ReadAction","target":["https:\/\/slowowiary.org\/pl\/creed\/"]}]},{"@type":"BreadcrumbList","@id":"https:\/\/slowowiary.org\/pl\/creed\/#breadcrumb","itemListElement":[{"@type":"ListItem","position":1,"name":"\u0413\u043e\u043b\u043e\u0432\u043d\u0430","item":"https:\/\/slowowiary.org\/pl\/"},{"@type":"ListItem","position":2,"name":"Doktryna"}]},{"@type":"WebSite","@id":"https:\/\/slowowiary.org\/#website","url":"https:\/\/slowowiary.org\/","name":"S\u0141OWO WIARY","description":"","potentialAction":[{"@type":"SearchAction","target":{"@type":"EntryPoint","urlTemplate":"https:\/\/slowowiary.org\/?s={search_term_string}"},"query-input":"required name=search_term_string"}],"inLanguage":"pl-PL"}]}},"_links":{"self":[{"href":"https:\/\/slowowiary.org\/pl\/wp-json\/wp\/v2\/pages\/3065","targetHints":{"allow":["GET"]}}],"collection":[{"href":"https:\/\/slowowiary.org\/pl\/wp-json\/wp\/v2\/pages"}],"about":[{"href":"https:\/\/slowowiary.org\/pl\/wp-json\/wp\/v2\/types\/page"}],"author":[{"embeddable":true,"href":"https:\/\/slowowiary.org\/pl\/wp-json\/wp\/v2\/users\/2"}],"replies":[{"embeddable":true,"href":"https:\/\/slowowiary.org\/pl\/wp-json\/wp\/v2\/comments?post=3065"}],"version-history":[{"count":5,"href":"https:\/\/slowowiary.org\/pl\/wp-json\/wp\/v2\/pages\/3065\/revisions"}],"predecessor-version":[{"id":3328,"href":"https:\/\/slowowiary.org\/pl\/wp-json\/wp\/v2\/pages\/3065\/revisions\/3328"}],"wp:attachment":[{"href":"https:\/\/slowowiary.org\/pl\/wp-json\/wp\/v2\/media?parent=3065"}],"curies":[{"name":"wp","href":"https:\/\/api.w.org\/{rel}","templated":true}]}}