{"id":3076,"date":"2023-08-12T11:27:13","date_gmt":"2023-08-12T08:27:13","guid":{"rendered":"https:\/\/slowowiary.org\/?page_id=3076"},"modified":"2023-08-31T11:36:30","modified_gmt":"2023-08-31T08:36:30","slug":"prayer-service","status":"publish","type":"page","link":"https:\/\/slowowiary.org\/pl\/prayer-service\/","title":{"rendered":"Modlitwa"},"content":{"rendered":"<section class=\"kc-elm kc-css-798670 kc_row\"><div class=\"kc-row-container  kc-container\"><div class=\"kc-wrap-columns\"><div class=\"kc-elm kc-css-614322 kc_col-sm-6 kc_column kc_col-sm-6\"><div class=\"kc-col-container\"><div class=\"kc-elm kc-css-979125 kc_shortcode kc_single_image\">\n\n        <img decoding=\"async\" src=\"https:\/\/slowowiary.org\/wp-content\/uploads\/2023\/08\/IMG_7320-1.jpeg\" class=\"\" alt=\"\" \/>    <\/div>\n<\/div><\/div><div class=\"kc-elm kc-css-500005 kc_col-sm-6 kc_column kc_col-sm-6\"><div class=\"kc-col-container\"><div class=\"kc-elm kc-css-181241 kc_text_block\"><h2>MODLITWA<\/h2>\n<p><strong>W ka\u017cdy pi\u0105tek<br \/>\nul. Trakt Lubelski 410<br \/>\n19:00<\/strong><\/p>\n<p>Jana 14:13 &#8222;A o cokolwiek prosi\u0107 b\u0119dziecie w imi\u0119 moje, to uczyni\u0119, aby Ojciec by\u0142 otoczony chwa\u0142\u0105 w Synu\".<\/p>\n<\/div><\/div><\/div><\/div><\/div><\/section>\n","protected":false},"excerpt":{"rendered":"","protected":false},"author":2,"featured_media":0,"parent":0,"menu_order":0,"comment_status":"closed","ping_status":"closed","template":"","meta":{"footnotes":""},"class_list":["post-3076","page","type-page","status-publish","hentry"],"yoast_head":"<!-- This site is optimized with the Yoast SEO plugin v21.1 - https:\/\/yoast.com\/wordpress\/plugins\/seo\/ -->\n<title>Modlitwa - S\u0141OWO WIARY<\/title>\n<meta name=\"robots\" content=\"index, follow, max-snippet:-1, max-image-preview:large, max-video-preview:-1\" \/>\n<link rel=\"canonical\" href=\"https:\/\/slowowiary.org\/pl\/prayer-service\/\" \/>\n<meta property=\"og:locale\" content=\"pl_PL\" \/>\n<meta property=\"og:type\" content=\"article\" \/>\n<meta property=\"og:title\" content=\"Modlitwa - S\u0141OWO WIARY\" \/>\n<meta property=\"og:description\" content=\"MODLITWA W ka\u017cdy pi\u0105tek ul. Trakt Lubelski 410 19:00 Jana 14:13 &#8222;A o cokolwiek prosi\u0107 b\u0119dziecie w imi\u0119 moje, to uczyni\u0119, aby Ojciec by\u0142 otoczony chwa\u0142\u0105 w Synu&#8221;.\" \/>\n<meta property=\"og:url\" content=\"https:\/\/slowowiary.org\/pl\/prayer-service\/\" \/>\n<meta property=\"og:site_name\" content=\"S\u0141OWO WIARY\" \/>\n<meta property=\"article:modified_time\" content=\"2023-08-31T08:36:30+00:00\" \/>\n<meta property=\"og:image\" content=\"https:\/\/slowowiary.org\/wp-content\/uploads\/2023\/08\/IMG_7320-1.jpeg\" \/>\n<meta name=\"twitter:card\" content=\"summary_large_image\" \/>\n<meta name=\"twitter:label1\" content=\"Szacowany czas czytania\" \/>\n\t<meta name=\"twitter:data1\" content=\"1 minuta\" \/>\n<script type=\"application\/ld+json\" class=\"yoast-schema-graph\">{\"@context\":\"https:\/\/schema.org\",\"@graph\":[{\"@type\":\"WebPage\",\"@id\":\"https:\/\/slowowiary.org\/pl\/prayer-service\/\",\"url\":\"https:\/\/slowowiary.org\/pl\/prayer-service\/\",\"name\":\"Modlitwa - S\u0141OWO WIARY\",\"isPartOf\":{\"@id\":\"https:\/\/slowowiary.org\/#website\"},\"datePublished\":\"2023-08-12T08:27:13+00:00\",\"dateModified\":\"2023-08-31T08:36:30+00:00\",\"breadcrumb\":{\"@id\":\"https:\/\/slowowiary.org\/pl\/prayer-service\/#breadcrumb\"},\"inLanguage\":\"pl-PL\",\"potentialAction\":[{\"@type\":\"ReadAction\",\"target\":[\"https:\/\/slowowiary.org\/pl\/prayer-service\/\"]}]},{\"@type\":\"BreadcrumbList\",\"@id\":\"https:\/\/slowowiary.org\/pl\/prayer-service\/#breadcrumb\",\"itemListElement\":[{\"@type\":\"ListItem\",\"position\":1,\"name\":\"\u0413\u043e\u043b\u043e\u0432\u043d\u0430\",\"item\":\"https:\/\/slowowiary.org\/pl\/\"},{\"@type\":\"ListItem\",\"position\":2,\"name\":\"Modlitwa\"}]},{\"@type\":\"WebSite\",\"@id\":\"https:\/\/slowowiary.org\/#website\",\"url\":\"https:\/\/slowowiary.org\/\",\"name\":\"S\u0141OWO WIARY\",\"description\":\"\",\"potentialAction\":[{\"@type\":\"SearchAction\",\"target\":{\"@type\":\"EntryPoint\",\"urlTemplate\":\"https:\/\/slowowiary.org\/?s={search_term_string}\"},\"query-input\":\"required name=search_term_string\"}],\"inLanguage\":\"pl-PL\"}]}<\/script>\n<!-- \/ Yoast SEO plugin. -->","yoast_head_json":{"title":"Modlitwa - S\u0141OWO WIARY","robots":{"index":"index","follow":"follow","max-snippet":"max-snippet:-1","max-image-preview":"max-image-preview:large","max-video-preview":"max-video-preview:-1"},"canonical":"https:\/\/slowowiary.org\/pl\/prayer-service\/","og_locale":"pl_PL","og_type":"article","og_title":"Modlitwa - S\u0141OWO WIARY","og_description":"MODLITWA W ka\u017cdy pi\u0105tek ul. Trakt Lubelski 410 19:00 Jana 14:13 &#8222;A o cokolwiek prosi\u0107 b\u0119dziecie w imi\u0119 moje, to uczyni\u0119, aby Ojciec by\u0142 otoczony chwa\u0142\u0105 w Synu&#8221;.","og_url":"https:\/\/slowowiary.org\/pl\/prayer-service\/","og_site_name":"S\u0141OWO WIARY","article_modified_time":"2023-08-31T08:36:30+00:00","og_image":[{"url":"https:\/\/slowowiary.org\/wp-content\/uploads\/2023\/08\/IMG_7320-1.jpeg"}],"twitter_card":"summary_large_image","twitter_misc":{"Szacowany czas czytania":"1 minuta"},"schema":{"@context":"https:\/\/schema.org","@graph":[{"@type":"WebPage","@id":"https:\/\/slowowiary.org\/pl\/prayer-service\/","url":"https:\/\/slowowiary.org\/pl\/prayer-service\/","name":"Modlitwa - S\u0141OWO WIARY","isPartOf":{"@id":"https:\/\/slowowiary.org\/#website"},"datePublished":"2023-08-12T08:27:13+00:00","dateModified":"2023-08-31T08:36:30+00:00","breadcrumb":{"@id":"https:\/\/slowowiary.org\/pl\/prayer-service\/#breadcrumb"},"inLanguage":"pl-PL","potentialAction":[{"@type":"ReadAction","target":["https:\/\/slowowiary.org\/pl\/prayer-service\/"]}]},{"@type":"BreadcrumbList","@id":"https:\/\/slowowiary.org\/pl\/prayer-service\/#breadcrumb","itemListElement":[{"@type":"ListItem","position":1,"name":"\u0413\u043e\u043b\u043e\u0432\u043d\u0430","item":"https:\/\/slowowiary.org\/pl\/"},{"@type":"ListItem","position":2,"name":"Modlitwa"}]},{"@type":"WebSite","@id":"https:\/\/slowowiary.org\/#website","url":"https:\/\/slowowiary.org\/","name":"S\u0141OWO WIARY","description":"","potentialAction":[{"@type":"SearchAction","target":{"@type":"EntryPoint","urlTemplate":"https:\/\/slowowiary.org\/?s={search_term_string}"},"query-input":"required name=search_term_string"}],"inLanguage":"pl-PL"}]}},"_links":{"self":[{"href":"https:\/\/slowowiary.org\/pl\/wp-json\/wp\/v2\/pages\/3076","targetHints":{"allow":["GET"]}}],"collection":[{"href":"https:\/\/slowowiary.org\/pl\/wp-json\/wp\/v2\/pages"}],"about":[{"href":"https:\/\/slowowiary.org\/pl\/wp-json\/wp\/v2\/types\/page"}],"author":[{"embeddable":true,"href":"https:\/\/slowowiary.org\/pl\/wp-json\/wp\/v2\/users\/2"}],"replies":[{"embeddable":true,"href":"https:\/\/slowowiary.org\/pl\/wp-json\/wp\/v2\/comments?post=3076"}],"version-history":[{"count":2,"href":"https:\/\/slowowiary.org\/pl\/wp-json\/wp\/v2\/pages\/3076\/revisions"}],"predecessor-version":[{"id":3080,"href":"https:\/\/slowowiary.org\/pl\/wp-json\/wp\/v2\/pages\/3076\/revisions\/3080"}],"wp:attachment":[{"href":"https:\/\/slowowiary.org\/pl\/wp-json\/wp\/v2\/media?parent=3076"}],"curies":[{"name":"wp","href":"https:\/\/api.w.org\/{rel}","templated":true}]}}